{"id":230,"date":"2020-06-10T22:48:29","date_gmt":"2020-06-10T20:48:29","guid":{"rendered":"https:\/\/sportimus.eu\/free-trail\/"},"modified":"2024-04-18T18:27:50","modified_gmt":"2024-04-18T16:27:50","slug":"free-trail","status":"publish","type":"page","link":"https:\/\/sportimus.eu\/en\/free-trail\/","title":{"rendered":"Free trial"},"content":{"rendered":"","protected":false},"excerpt":{"rendered":"","protected":false},"author":1,"featured_media":0,"parent":0,"menu_order":0,"comment_status":"closed","ping_status":"closed","template":"","meta":{"footnotes":""},"yoast_head":"<!-- This site is optimized with the Yoast SEO plugin v22.5 - https:\/\/yoast.com\/wordpress\/plugins\/seo\/ -->\n<title>Free trial - Sportimus - #1 re\u0161itev za \u0161portne klube<\/title>\n<meta name=\"description\" content=\"#1 re\u0161itev za \u0161portne klube.\" \/>\n<meta name=\"robots\" content=\"index, follow, max-snippet:-1, max-image-preview:large, max-video-preview:-1\" \/>\n<link rel=\"canonical\" href=\"https:\/\/sportimus.eu\/en\/free-trail\/\" \/>\n<meta property=\"og:locale\" content=\"en_US\" \/>\n<meta property=\"og:type\" content=\"article\" \/>\n<meta property=\"og:title\" content=\"Free trial - Sportimus - #1 re\u0161itev za \u0161portne klube\" \/>\n<meta property=\"og:description\" content=\"#1 re\u0161itev za \u0161portne klube.\" \/>\n<meta property=\"og:url\" content=\"https:\/\/sportimus.eu\/en\/free-trail\/\" \/>\n<meta property=\"og:site_name\" content=\"Sportimus - #1 re\u0161itev za \u0161portne klube\" \/>\n<meta property=\"article:modified_time\" content=\"2024-04-18T16:27:50+00:00\" \/>\n<meta name=\"twitter:card\" content=\"summary_large_image\" \/>\n<script type=\"application\/ld+json\" class=\"yoast-schema-graph\">{\"@context\":\"https:\/\/schema.org\",\"@graph\":[{\"@type\":\"WebPage\",\"@id\":\"https:\/\/sportimus.eu\/en\/free-trail\/\",\"url\":\"https:\/\/sportimus.eu\/en\/free-trail\/\",\"name\":\"Free trial - Sportimus - #1 re\u0161itev za \u0161portne klube\",\"isPartOf\":{\"@id\":\"https:\/\/sportimus.eu\/en\/#website\"},\"datePublished\":\"2020-06-10T20:48:29+00:00\",\"dateModified\":\"2024-04-18T16:27:50+00:00\",\"description\":\"#1 re\u0161itev za \u0161portne klube.\",\"breadcrumb\":{\"@id\":\"https:\/\/sportimus.eu\/en\/free-trail\/#breadcrumb\"},\"inLanguage\":\"en-US\",\"potentialAction\":[{\"@type\":\"ReadAction\",\"target\":[\"https:\/\/sportimus.eu\/en\/free-trail\/\"]}]},{\"@type\":\"BreadcrumbList\",\"@id\":\"https:\/\/sportimus.eu\/en\/free-trail\/#breadcrumb\",\"itemListElement\":[{\"@type\":\"ListItem\",\"position\":1,\"name\":\"Home\",\"item\":\"https:\/\/sportimus.eu\/en\/\"},{\"@type\":\"ListItem\",\"position\":2,\"name\":\"Free trial\"}]},{\"@type\":\"WebSite\",\"@id\":\"https:\/\/sportimus.eu\/en\/#website\",\"url\":\"https:\/\/sportimus.eu\/en\/\",\"name\":\"Sportimus - #1 re\u0161itev za \u0161portne klube\",\"description\":\"#1 solution for sports clubs\",\"publisher\":{\"@id\":\"https:\/\/sportimus.eu\/en\/#organization\"},\"potentialAction\":[{\"@type\":\"SearchAction\",\"target\":{\"@type\":\"EntryPoint\",\"urlTemplate\":\"https:\/\/sportimus.eu\/en\/?s={search_term_string}\"},\"query-input\":\"required name=search_term_string\"}],\"inLanguage\":\"en-US\"},{\"@type\":\"Organization\",\"@id\":\"https:\/\/sportimus.eu\/en\/#organization\",\"name\":\"Sportimus - #1 re\u0161itev za \u0161portne klube\",\"url\":\"https:\/\/sportimus.eu\/en\/\",\"logo\":{\"@type\":\"ImageObject\",\"inLanguage\":\"en-US\",\"@id\":\"https:\/\/sportimus.eu\/en\/#\/schema\/logo\/image\/\",\"url\":\"https:\/\/sportimus.eu\/wp-content\/uploads\/2021\/11\/Sportimus-logo-SI-blue-1.png\",\"contentUrl\":\"https:\/\/sportimus.eu\/wp-content\/uploads\/2021\/11\/Sportimus-logo-SI-blue-1.png\",\"width\":1200,\"height\":300,\"caption\":\"Sportimus - #1 re\u0161itev za \u0161portne klube\"},\"image\":{\"@id\":\"https:\/\/sportimus.eu\/en\/#\/schema\/logo\/image\/\"}}]}<\/script>\n<!-- \/ Yoast SEO plugin. -->","yoast_head_json":{"title":"Free trial - Sportimus - #1 re\u0161itev za \u0161portne klube","description":"#1 re\u0161itev za \u0161portne klube.","robots":{"index":"index","follow":"follow","max-snippet":"max-snippet:-1","max-image-preview":"max-image-preview:large","max-video-preview":"max-video-preview:-1"},"canonical":"https:\/\/sportimus.eu\/en\/free-trail\/","og_locale":"en_US","og_type":"article","og_title":"Free trial - Sportimus - #1 re\u0161itev za \u0161portne klube","og_description":"#1 re\u0161itev za \u0161portne klube.","og_url":"https:\/\/sportimus.eu\/en\/free-trail\/","og_site_name":"Sportimus - #1 re\u0161itev za \u0161portne klube","article_modified_time":"2024-04-18T16:27:50+00:00","twitter_card":"summary_large_image","schema":{"@context":"https:\/\/schema.org","@graph":[{"@type":"WebPage","@id":"https:\/\/sportimus.eu\/en\/free-trail\/","url":"https:\/\/sportimus.eu\/en\/free-trail\/","name":"Free trial - Sportimus - #1 re\u0161itev za \u0161portne klube","isPartOf":{"@id":"https:\/\/sportimus.eu\/en\/#website"},"datePublished":"2020-06-10T20:48:29+00:00","dateModified":"2024-04-18T16:27:50+00:00","description":"#1 re\u0161itev za \u0161portne klube.","breadcrumb":{"@id":"https:\/\/sportimus.eu\/en\/free-trail\/#breadcrumb"},"inLanguage":"en-US","potentialAction":[{"@type":"ReadAction","target":["https:\/\/sportimus.eu\/en\/free-trail\/"]}]},{"@type":"BreadcrumbList","@id":"https:\/\/sportimus.eu\/en\/free-trail\/#breadcrumb","itemListElement":[{"@type":"ListItem","position":1,"name":"Home","item":"https:\/\/sportimus.eu\/en\/"},{"@type":"ListItem","position":2,"name":"Free trial"}]},{"@type":"WebSite","@id":"https:\/\/sportimus.eu\/en\/#website","url":"https:\/\/sportimus.eu\/en\/","name":"Sportimus - #1 re\u0161itev za \u0161portne klube","description":"#1 solution for sports clubs","publisher":{"@id":"https:\/\/sportimus.eu\/en\/#organization"},"potentialAction":[{"@type":"SearchAction","target":{"@type":"EntryPoint","urlTemplate":"https:\/\/sportimus.eu\/en\/?s={search_term_string}"},"query-input":"required name=search_term_string"}],"inLanguage":"en-US"},{"@type":"Organization","@id":"https:\/\/sportimus.eu\/en\/#organization","name":"Sportimus - #1 re\u0161itev za \u0161portne klube","url":"https:\/\/sportimus.eu\/en\/","logo":{"@type":"ImageObject","inLanguage":"en-US","@id":"https:\/\/sportimus.eu\/en\/#\/schema\/logo\/image\/","url":"https:\/\/sportimus.eu\/wp-content\/uploads\/2021\/11\/Sportimus-logo-SI-blue-1.png","contentUrl":"https:\/\/sportimus.eu\/wp-content\/uploads\/2021\/11\/Sportimus-logo-SI-blue-1.png","width":1200,"height":300,"caption":"Sportimus - #1 re\u0161itev za \u0161portne klube"},"image":{"@id":"https:\/\/sportimus.eu\/en\/#\/schema\/logo\/image\/"}}]}},"_links":{"self":[{"href":"https:\/\/sportimus.eu\/en\/wp-json\/wp\/v2\/pages\/230"}],"collection":[{"href":"https:\/\/sportimus.eu\/en\/wp-json\/wp\/v2\/pages"}],"about":[{"href":"https:\/\/sportimus.eu\/en\/wp-json\/wp\/v2\/types\/page"}],"author":[{"embeddable":true,"href":"https:\/\/sportimus.eu\/en\/wp-json\/wp\/v2\/users\/1"}],"replies":[{"embeddable":true,"href":"https:\/\/sportimus.eu\/en\/wp-json\/wp\/v2\/comments?post=230"}],"version-history":[{"count":0,"href":"https:\/\/sportimus.eu\/en\/wp-json\/wp\/v2\/pages\/230\/revisions"}],"wp:attachment":[{"href":"https:\/\/sportimus.eu\/en\/wp-json\/wp\/v2\/media?parent=230"}],"curies":[{"name":"wp","href":"https:\/\/api.w.org\/{rel}","templated":true}]}}